{"id":154,"date":"2023-05-10T21:16:02","date_gmt":"2023-05-10T21:16:02","guid":{"rendered":"https:\/\/laserpain.sfueltx.com\/?page_id=154"},"modified":"2023-05-23T16:38:22","modified_gmt":"2023-05-23T16:38:22","slug":"about-us","status":"publish","type":"page","link":"https:\/\/htxpainsolution.com\/es\/about-us\/","title":{"rendered":"Sobre nosotros"},"content":{"rendered":"<div data-elementor-type=\"wp-page\" data-elementor-id=\"154\" class=\"elementor elementor-154\" data-elementor-post-type=\"page\">\n\t\t\t\t\t\t<section class=\"elementor-section elementor-top-section elementor-element elementor-element-72a71614 elementor-section-boxed elementor-section-height-default elementor-section-height-default\" data-id=\"72a71614\" data-element_type=\"section\" data-e-type=\"section\" data-settings=\"{&quot;background_background&quot;:&quot;classic&quot;}\">\n\t\t\t\t\t\t\t<div class=\"elementor-background-overlay\"><\/div>\n\t\t\t\t\t\t\t<div class=\"elementor-container elementor-column-gap-no\">\n\t\t\t\t\t<div class=\"elementor-column elementor-col-50 elementor-top-column elementor-element elementor-element-e838a04\" data-id=\"e838a04\" data-element_type=\"column\" data-e-type=\"column\">\n\t\t\t<div class=\"elementor-widget-wrap elementor-element-populated\">\n\t\t\t\t\t\t<div class=\"elementor-element elementor-element-1175dedd elementor-widget elementor-widget-heading\" data-id=\"1175dedd\" data-element_type=\"widget\" data-e-type=\"widget\" data-widget_type=\"heading.default\">\n\t\t\t\t<div class=\"elementor-widget-container\">\n\t\t\t\t\t<h2 class=\"elementor-heading-title elementor-size-default\">Experimente el poder curativo de la terapia con l\u00e1ser fr\u00edo <\/h2>\t\t\t\t<\/div>\n\t\t\t\t<\/div>\n\t\t\t\t\t<\/div>\n\t\t<\/div>\n\t\t\t\t<div class=\"elementor-column elementor-col-50 elementor-top-column elementor-element elementor-element-4099e1a6\" data-id=\"4099e1a6\" data-element_type=\"column\" data-e-type=\"column\">\n\t\t\t<div class=\"elementor-widget-wrap elementor-element-populated\">\n\t\t\t\t\t\t<div class=\"elementor-element elementor-element-2f40361b elementor-widget elementor-widget-text-editor\" data-id=\"2f40361b\" data-element_type=\"widget\" data-e-type=\"widget\" data-widget_type=\"text-editor.default\">\n\t\t\t\t<div class=\"elementor-widget-container\">\n\t\t\t\t\t\t\t\t\t<p>Nuestra misi\u00f3n es ayudar a las personas que han sufrido lesiones personales o que padecen dolor cr\u00f3nico a lograr un alivio \u00f3ptimo del dolor y una funcionalidad mejorada mediante el uso de m\u00e9todos de tratamiento no invasivos y de vanguardia.<\/p>\t\t\t\t\t\t\t\t<\/div>\n\t\t\t\t<\/div>\n\t\t\t\t\t<\/div>\n\t\t<\/div>\n\t\t\t\t\t<\/div>\n\t\t<\/section>\n\t\t\t\t<section class=\"elementor-section elementor-top-section elementor-element elementor-element-29bb154b elementor-section-boxed elementor-section-height-default elementor-section-height-default\" data-id=\"29bb154b\" data-element_type=\"section\" data-e-type=\"section\" data-settings=\"{&quot;background_background&quot;:&quot;classic&quot;}\">\n\t\t\t\t\t\t<div class=\"elementor-container elementor-column-gap-no\">\n\t\t\t\t\t<div class=\"elementor-column elementor-col-100 elementor-top-column elementor-element elementor-element-19951058\" data-id=\"19951058\" data-element_type=\"column\" data-e-type=\"column\">\n\t\t\t<div class=\"elementor-widget-wrap elementor-element-populated\">\n\t\t\t\t\t\t<section class=\"elementor-section elementor-inner-section elementor-element elementor-element-76ea846a elementor-section-boxed elementor-section-height-default elementor-section-height-default\" data-id=\"76ea846a\" data-element_type=\"section\" data-e-type=\"section\">\n\t\t\t\t\t\t<div class=\"elementor-container elementor-column-gap-no\">\n\t\t\t\t\t<div class=\"elementor-column elementor-col-50 elementor-inner-column elementor-element elementor-element-d8bf067\" data-id=\"d8bf067\" data-element_type=\"column\" data-e-type=\"column\">\n\t\t\t<div class=\"elementor-widget-wrap elementor-element-populated\">\n\t\t\t\t\t\t<div class=\"elementor-element elementor-element-52a95b81 elementor-widget elementor-widget-image\" data-id=\"52a95b81\" data-element_type=\"widget\" data-e-type=\"widget\" data-widget_type=\"image.default\">\n\t\t\t\t<div class=\"elementor-widget-container\">\n\t\t\t\t\t\t\t\t\t\t\t\t\t\t\t<img fetchpriority=\"high\" decoding=\"async\" width=\"2000\" height=\"1335\" src=\"https:\/\/htxpainsolution.com\/wp-content\/uploads\/2023\/05\/portrait-of-physiotherapist-stretching-mans-arm-in-hospital.jpg\" class=\"attachment-full size-full wp-image-42\" alt=\"\" srcset=\"https:\/\/htxpainsolution.com\/wp-content\/uploads\/2023\/05\/portrait-of-physiotherapist-stretching-mans-arm-in-hospital.jpg 2000w, https:\/\/htxpainsolution.com\/wp-content\/uploads\/2023\/05\/portrait-of-physiotherapist-stretching-mans-arm-in-hospital-300x200.jpg 300w, https:\/\/htxpainsolution.com\/wp-content\/uploads\/2023\/05\/portrait-of-physiotherapist-stretching-mans-arm-in-hospital-1024x684.jpg 1024w, https:\/\/htxpainsolution.com\/wp-content\/uploads\/2023\/05\/portrait-of-physiotherapist-stretching-mans-arm-in-hospital-768x513.jpg 768w, https:\/\/htxpainsolution.com\/wp-content\/uploads\/2023\/05\/portrait-of-physiotherapist-stretching-mans-arm-in-hospital-1536x1025.jpg 1536w\" sizes=\"(max-width: 2000px) 100vw, 2000px\" \/>\t\t\t\t\t\t\t\t\t\t\t\t\t\t\t<\/div>\n\t\t\t\t<\/div>\n\t\t\t\t<div class=\"elementor-element elementor-element-d76f1bb elementor-widget elementor-widget-heading\" data-id=\"d76f1bb\" data-element_type=\"widget\" data-e-type=\"widget\" data-widget_type=\"heading.default\">\n\t\t\t\t<div class=\"elementor-widget-container\">\n\t\t\t\t\t<h3 class=\"elementor-heading-title elementor-size-default\">Nuestro viaje<\/h3>\t\t\t\t<\/div>\n\t\t\t\t<\/div>\n\t\t\t\t<div class=\"elementor-element elementor-element-336ea953 elementor-widget elementor-widget-text-editor\" data-id=\"336ea953\" data-element_type=\"widget\" data-e-type=\"widget\" data-widget_type=\"text-editor.default\">\n\t\t\t\t<div class=\"elementor-widget-container\">\n\t\t\t\t\t\t\t\t\t<p>Laser Pain Solutions of Houston se fund\u00f3 con la visi\u00f3n de brindar un enfoque integral y efectivo para el manejo del dolor y el cuidado de lesiones. Nuestro fundador, un profesional de la salud con mucha experiencia, reconoci\u00f3 la creciente necesidad de soluciones especializadas para el dolor que atiendan a las personas que han resultado heridas en accidentes o que padecen dolor cr\u00f3nico.<\/p>\t\t\t\t\t\t\t\t<\/div>\n\t\t\t\t<\/div>\n\t\t\t\t\t<\/div>\n\t\t<\/div>\n\t\t\t\t<div class=\"elementor-column elementor-col-50 elementor-inner-column elementor-element elementor-element-7e0c713b\" data-id=\"7e0c713b\" data-element_type=\"column\" data-e-type=\"column\">\n\t\t\t<div class=\"elementor-widget-wrap elementor-element-populated\">\n\t\t\t\t\t\t<div class=\"elementor-element elementor-element-306b1f4 elementor-widget elementor-widget-image\" data-id=\"306b1f4\" data-element_type=\"widget\" data-e-type=\"widget\" data-widget_type=\"image.default\">\n\t\t\t\t<div class=\"elementor-widget-container\">\n\t\t\t\t\t\t\t\t\t\t\t\t\t\t\t<img decoding=\"async\" width=\"1335\" height=\"2000\" src=\"https:\/\/htxpainsolution.com\/wp-content\/uploads\/2023\/05\/physiotherapy-1.jpg\" class=\"attachment-full size-full wp-image-82\" alt=\"\" srcset=\"https:\/\/htxpainsolution.com\/wp-content\/uploads\/2023\/05\/physiotherapy-1.jpg 1335w, https:\/\/htxpainsolution.com\/wp-content\/uploads\/2023\/05\/physiotherapy-1-200x300.jpg 200w, https:\/\/htxpainsolution.com\/wp-content\/uploads\/2023\/05\/physiotherapy-1-684x1024.jpg 684w, https:\/\/htxpainsolution.com\/wp-content\/uploads\/2023\/05\/physiotherapy-1-768x1151.jpg 768w, https:\/\/htxpainsolution.com\/wp-content\/uploads\/2023\/05\/physiotherapy-1-1025x1536.jpg 1025w\" sizes=\"(max-width: 1335px) 100vw, 1335px\" \/>\t\t\t\t\t\t\t\t\t\t\t\t\t\t\t<\/div>\n\t\t\t\t<\/div>\n\t\t\t\t\t<\/div>\n\t\t<\/div>\n\t\t\t\t\t<\/div>\n\t\t<\/section>\n\t\t\t\t<section class=\"elementor-section elementor-inner-section elementor-element elementor-element-2db75ac4 elementor-section-content-middle elementor-section-boxed elementor-section-height-default elementor-section-height-default\" data-id=\"2db75ac4\" data-element_type=\"section\" data-e-type=\"section\">\n\t\t\t\t\t\t<div class=\"elementor-container elementor-column-gap-no\">\n\t\t\t\t\t<div class=\"elementor-column elementor-col-50 elementor-inner-column elementor-element elementor-element-8189097\" data-id=\"8189097\" data-element_type=\"column\" data-e-type=\"column\">\n\t\t\t<div class=\"elementor-widget-wrap elementor-element-populated\">\n\t\t\t\t\t\t<div class=\"elementor-element elementor-element-df07370 elementor-widget elementor-widget-heading\" data-id=\"df07370\" data-element_type=\"widget\" data-e-type=\"widget\" data-widget_type=\"heading.default\">\n\t\t\t\t<div class=\"elementor-widget-container\">\n\t\t\t\t\t<h3 class=\"elementor-heading-title elementor-size-default\">Nuestro enfoque<\/h3>\t\t\t\t<\/div>\n\t\t\t\t<\/div>\n\t\t\t\t<div class=\"elementor-element elementor-element-42b63e67 elementor-widget elementor-widget-text-editor\" data-id=\"42b63e67\" data-element_type=\"widget\" data-e-type=\"widget\" data-widget_type=\"text-editor.default\">\n\t\t\t\t<div class=\"elementor-widget-container\">\n\t\t\t\t\t\t\t\t\t<p>En Laser Pain Solutions of Houston, creemos en un enfoque personalizado para el manejo del dolor y el cuidado de lesiones. Entendemos que las necesidades y circunstancias de cada individuo son \u00fanicas, por lo que nos tomamos el tiempo para evaluar a fondo su condici\u00f3n y desarrollar un plan de tratamiento personalizado adaptado a sus necesidades espec\u00edficas.<\/p><p>Nuestro enfoque integral para el alivio del dolor incluye la terapia con l\u00e1ser fr\u00edo de \u00faltima generaci\u00f3n, que utiliza energ\u00eda de luz de bajo nivel para estimular los procesos de curaci\u00f3n naturales del cuerpo. Se ha demostrado que este tratamiento no invasivo e indoloro es eficaz para reducir el dolor, la inflamaci\u00f3n y promover la regeneraci\u00f3n de tejidos.<\/p>\t\t\t\t\t\t\t\t<\/div>\n\t\t\t\t<\/div>\n\t\t\t\t\t<\/div>\n\t\t<\/div>\n\t\t\t\t<div class=\"elementor-column elementor-col-50 elementor-inner-column elementor-element elementor-element-11b41f18\" data-id=\"11b41f18\" data-element_type=\"column\" data-e-type=\"column\">\n\t\t\t<div class=\"elementor-widget-wrap elementor-element-populated\">\n\t\t\t\t\t\t<div class=\"elementor-element elementor-element-6116c5b elementor-widget elementor-widget-text-editor\" data-id=\"6116c5b\" data-element_type=\"widget\" data-e-type=\"widget\" data-widget_type=\"text-editor.default\">\n\t\t\t\t<div class=\"elementor-widget-container\">\n\t\t\t\t\t\t\t\t\t<p><span style=\"color: var( --e-global-color-text ); font-family: var( --e-global-typography-text-font-family ), Sans-serif; font-size: var( --e-global-typography-text-font-size ); font-weight: var( --e-global-typography-text-font-weight ); text-transform: var( --e-global-typography-text-text-transform );\">Adem\u00e1s de la terapia con l\u00e1ser fr\u00edo, nuestro equipo tambi\u00e9n brinda atenci\u00f3n personalizada de lesiones para aquellos que han estado involucrados en accidentes con lesiones personales. Nos especializamos en el tratamiento de una amplia gama de casos de lesiones, incluidos accidentes automovil\u00edsticos y de camiones, accidentes de refiner\u00eda, resbalones y ca\u00eddas, y m\u00e1s.<\/span><\/p>\n<div>En Laser Pain Solutions of Houston, estamos comprometidos a brindarle las soluciones m\u00e1s efectivas y no invasivas para el alivio del dolor mediante la terapia con l\u00e1ser fr\u00edo. Si experimenta dolor debido a cualquiera de las condiciones enumeradas anteriormente, no dude en comunicarse con nosotros hoy para programar una consulta.<\/div>\n<div>&nbsp;<\/div>\n<div>Nuestro equipo de expertos trabajar\u00e1 en estrecha colaboraci\u00f3n con usted para desarrollar un plan de tratamiento personalizado adaptado a sus necesidades y circunstancias \u00fanicas, ayud\u00e1ndole a lograr un alivio \u00f3ptimo del dolor y una funcionalidad mejorada.<\/div>\t\t\t\t\t\t\t\t<\/div>\n\t\t\t\t<\/div>\n\t\t\t\t\t<\/div>\n\t\t<\/div>\n\t\t\t\t\t<\/div>\n\t\t<\/section>\n\t\t\t\t\t<\/div>\n\t\t<\/div>\n\t\t\t\t\t<\/div>\n\t\t<\/section>\n\t\t\t\t<\/div>","protected":false},"excerpt":{"rendered":"<p>Experience The Healing Power Of Cold Laser Therapy Our mission is to help individuals who have suffered personal injuries or are dealing with chronic pain achieve optimal pain relief and improved functionality through the use of cutting-edge, non-invasive treatment methods. Our Journey Laser Pain Solutions of Houston was founded with the vision of providing a [&hellip;]<\/p>\n","protected":false},"author":1,"featured_media":0,"parent":0,"menu_order":0,"comment_status":"closed","ping_status":"closed","template":"elementor_header_footer","meta":{"footnotes":""},"class_list":["post-154","page","type-page","status-publish","hentry"],"yoast_head":"<!-- This site is optimized with the Yoast SEO plugin v27.5 - https:\/\/yoast.com\/product\/yoast-seo-wordpress\/ -->\n<title>About Us - Laser Pain Solutions of Houston<\/title>\n<meta name=\"robots\" content=\"index, follow, max-snippet:-1, max-image-preview:large, max-video-preview:-1\" \/>\n<link rel=\"canonical\" href=\"https:\/\/htxpainsolution.com\/es\/about-us\/\" \/>\n<meta property=\"og:locale\" content=\"es_MX\" \/>\n<meta property=\"og:type\" content=\"article\" \/>\n<meta property=\"og:title\" content=\"About Us - Laser Pain Solutions of Houston\" \/>\n<meta property=\"og:description\" content=\"Experience The Healing Power Of Cold Laser Therapy Our mission is to help individuals who have suffered personal injuries or are dealing with chronic pain achieve optimal pain relief and improved functionality through the use of cutting-edge, non-invasive treatment methods. Our Journey Laser Pain Solutions of Houston was founded with the vision of providing a [&hellip;]\" \/>\n<meta property=\"og:url\" content=\"https:\/\/htxpainsolution.com\/es\/about-us\/\" \/>\n<meta property=\"og:site_name\" content=\"Laser Pain Solutions of Houston\" \/>\n<meta property=\"article:modified_time\" content=\"2023-05-23T16:38:22+00:00\" \/>\n<meta property=\"og:image\" content=\"https:\/\/htxpainsolution.com\/wp-content\/uploads\/2023\/05\/portrait-of-physiotherapist-stretching-mans-arm-in-hospital.jpg\" \/>\n<meta name=\"twitter:card\" content=\"summary_large_image\" \/>\n<meta name=\"twitter:label1\" content=\"Tiempo de lectura\" \/>\n\t<meta name=\"twitter:data1\" content=\"2 minutos\" \/>\n<script type=\"application\/ld+json\" class=\"yoast-schema-graph\">{\"@context\":\"https:\\\/\\\/schema.org\",\"@graph\":[{\"@type\":\"WebPage\",\"@id\":\"https:\\\/\\\/htxpainsolution.com\\\/about-us\\\/\",\"url\":\"https:\\\/\\\/htxpainsolution.com\\\/about-us\\\/\",\"name\":\"About Us - Laser Pain Solutions of Houston\",\"isPartOf\":{\"@id\":\"https:\\\/\\\/htxpainsolution.com\\\/#website\"},\"primaryImageOfPage\":{\"@id\":\"https:\\\/\\\/htxpainsolution.com\\\/about-us\\\/#primaryimage\"},\"image\":{\"@id\":\"https:\\\/\\\/htxpainsolution.com\\\/about-us\\\/#primaryimage\"},\"thumbnailUrl\":\"https:\\\/\\\/htxpainsolution.com\\\/wp-content\\\/uploads\\\/2023\\\/05\\\/portrait-of-physiotherapist-stretching-mans-arm-in-hospital.jpg\",\"datePublished\":\"2023-05-10T21:16:02+00:00\",\"dateModified\":\"2023-05-23T16:38:22+00:00\",\"breadcrumb\":{\"@id\":\"https:\\\/\\\/htxpainsolution.com\\\/about-us\\\/#breadcrumb\"},\"inLanguage\":\"es\",\"potentialAction\":[{\"@type\":\"ReadAction\",\"target\":[\"https:\\\/\\\/htxpainsolution.com\\\/about-us\\\/\"]}]},{\"@type\":\"ImageObject\",\"inLanguage\":\"es\",\"@id\":\"https:\\\/\\\/htxpainsolution.com\\\/about-us\\\/#primaryimage\",\"url\":\"https:\\\/\\\/htxpainsolution.com\\\/wp-content\\\/uploads\\\/2023\\\/05\\\/portrait-of-physiotherapist-stretching-mans-arm-in-hospital.jpg\",\"contentUrl\":\"https:\\\/\\\/htxpainsolution.com\\\/wp-content\\\/uploads\\\/2023\\\/05\\\/portrait-of-physiotherapist-stretching-mans-arm-in-hospital.jpg\"},{\"@type\":\"BreadcrumbList\",\"@id\":\"https:\\\/\\\/htxpainsolution.com\\\/about-us\\\/#breadcrumb\",\"itemListElement\":[{\"@type\":\"ListItem\",\"position\":1,\"name\":\"Home\",\"item\":\"https:\\\/\\\/htxpainsolution.com\\\/\"},{\"@type\":\"ListItem\",\"position\":2,\"name\":\"About Us\"}]},{\"@type\":\"WebSite\",\"@id\":\"https:\\\/\\\/htxpainsolution.com\\\/#website\",\"url\":\"https:\\\/\\\/htxpainsolution.com\\\/\",\"name\":\"Laser Pain Solutions of Houston\",\"description\":\"\",\"publisher\":{\"@id\":\"https:\\\/\\\/htxpainsolution.com\\\/#organization\"},\"potentialAction\":[{\"@type\":\"SearchAction\",\"target\":{\"@type\":\"EntryPoint\",\"urlTemplate\":\"https:\\\/\\\/htxpainsolution.com\\\/?s={search_term_string}\"},\"query-input\":{\"@type\":\"PropertyValueSpecification\",\"valueRequired\":true,\"valueName\":\"search_term_string\"}}],\"inLanguage\":\"es\"},{\"@type\":\"Organization\",\"@id\":\"https:\\\/\\\/htxpainsolution.com\\\/#organization\",\"name\":\"Laser Pain Solutions of Houston\",\"url\":\"https:\\\/\\\/htxpainsolution.com\\\/\",\"logo\":{\"@type\":\"ImageObject\",\"inLanguage\":\"es\",\"@id\":\"https:\\\/\\\/htxpainsolution.com\\\/#\\\/schema\\\/logo\\\/image\\\/\",\"url\":\"https:\\\/\\\/htxpainsolution.com\\\/wp-content\\\/uploads\\\/2023\\\/05\\\/laser-pain-logo_1.png\",\"contentUrl\":\"https:\\\/\\\/htxpainsolution.com\\\/wp-content\\\/uploads\\\/2023\\\/05\\\/laser-pain-logo_1.png\",\"width\":340,\"height\":106,\"caption\":\"Laser Pain Solutions of Houston\"},\"image\":{\"@id\":\"https:\\\/\\\/htxpainsolution.com\\\/#\\\/schema\\\/logo\\\/image\\\/\"}}]}<\/script>\n<!-- \/ Yoast SEO plugin. -->","yoast_head_json":{"title":"Acerca de nosotros - Soluciones l\u00e1ser para el dolor de Houston","robots":{"index":"index","follow":"follow","max-snippet":"max-snippet:-1","max-image-preview":"max-image-preview:large","max-video-preview":"max-video-preview:-1"},"canonical":"https:\/\/htxpainsolution.com\/es\/about-us\/","og_locale":"es_MX","og_type":"article","og_title":"About Us - Laser Pain Solutions of Houston","og_description":"Experience The Healing Power Of Cold Laser Therapy Our mission is to help individuals who have suffered personal injuries or are dealing with chronic pain achieve optimal pain relief and improved functionality through the use of cutting-edge, non-invasive treatment methods. Our Journey Laser Pain Solutions of Houston was founded with the vision of providing a [&hellip;]","og_url":"https:\/\/htxpainsolution.com\/es\/about-us\/","og_site_name":"Laser Pain Solutions of Houston","article_modified_time":"2023-05-23T16:38:22+00:00","og_image":[{"url":"https:\/\/htxpainsolution.com\/wp-content\/uploads\/2023\/05\/portrait-of-physiotherapist-stretching-mans-arm-in-hospital.jpg","type":"","width":"","height":""}],"twitter_card":"summary_large_image","twitter_misc":{"Tiempo de lectura":"2 minutos"},"schema":{"@context":"https:\/\/schema.org","@graph":[{"@type":"WebPage","@id":"https:\/\/htxpainsolution.com\/about-us\/","url":"https:\/\/htxpainsolution.com\/about-us\/","name":"Acerca de nosotros - Soluciones l\u00e1ser para el dolor de Houston","isPartOf":{"@id":"https:\/\/htxpainsolution.com\/#website"},"primaryImageOfPage":{"@id":"https:\/\/htxpainsolution.com\/about-us\/#primaryimage"},"image":{"@id":"https:\/\/htxpainsolution.com\/about-us\/#primaryimage"},"thumbnailUrl":"https:\/\/htxpainsolution.com\/wp-content\/uploads\/2023\/05\/portrait-of-physiotherapist-stretching-mans-arm-in-hospital.jpg","datePublished":"2023-05-10T21:16:02+00:00","dateModified":"2023-05-23T16:38:22+00:00","breadcrumb":{"@id":"https:\/\/htxpainsolution.com\/about-us\/#breadcrumb"},"inLanguage":"es","potentialAction":[{"@type":"ReadAction","target":["https:\/\/htxpainsolution.com\/about-us\/"]}]},{"@type":"ImageObject","inLanguage":"es","@id":"https:\/\/htxpainsolution.com\/about-us\/#primaryimage","url":"https:\/\/htxpainsolution.com\/wp-content\/uploads\/2023\/05\/portrait-of-physiotherapist-stretching-mans-arm-in-hospital.jpg","contentUrl":"https:\/\/htxpainsolution.com\/wp-content\/uploads\/2023\/05\/portrait-of-physiotherapist-stretching-mans-arm-in-hospital.jpg"},{"@type":"BreadcrumbList","@id":"https:\/\/htxpainsolution.com\/about-us\/#breadcrumb","itemListElement":[{"@type":"ListItem","position":1,"name":"Home","item":"https:\/\/htxpainsolution.com\/"},{"@type":"ListItem","position":2,"name":"About Us"}]},{"@type":"WebSite","@id":"https:\/\/htxpainsolution.com\/#website","url":"https:\/\/htxpainsolution.com\/","name":"Soluciones l\u00e1ser para el dolor de Houston","description":"","publisher":{"@id":"https:\/\/htxpainsolution.com\/#organization"},"potentialAction":[{"@type":"SearchAction","target":{"@type":"EntryPoint","urlTemplate":"https:\/\/htxpainsolution.com\/?s={search_term_string}"},"query-input":{"@type":"PropertyValueSpecification","valueRequired":true,"valueName":"search_term_string"}}],"inLanguage":"es"},{"@type":"Organization","@id":"https:\/\/htxpainsolution.com\/#organization","name":"Soluciones l\u00e1ser para el dolor de Houston","url":"https:\/\/htxpainsolution.com\/","logo":{"@type":"ImageObject","inLanguage":"es","@id":"https:\/\/htxpainsolution.com\/#\/schema\/logo\/image\/","url":"https:\/\/htxpainsolution.com\/wp-content\/uploads\/2023\/05\/laser-pain-logo_1.png","contentUrl":"https:\/\/htxpainsolution.com\/wp-content\/uploads\/2023\/05\/laser-pain-logo_1.png","width":340,"height":106,"caption":"Laser Pain Solutions of Houston"},"image":{"@id":"https:\/\/htxpainsolution.com\/#\/schema\/logo\/image\/"}}]}},"_links":{"self":[{"href":"https:\/\/htxpainsolution.com\/es\/wp-json\/wp\/v2\/pages\/154","targetHints":{"allow":["GET"]}}],"collection":[{"href":"https:\/\/htxpainsolution.com\/es\/wp-json\/wp\/v2\/pages"}],"about":[{"href":"https:\/\/htxpainsolution.com\/es\/wp-json\/wp\/v2\/types\/page"}],"author":[{"embeddable":true,"href":"https:\/\/htxpainsolution.com\/es\/wp-json\/wp\/v2\/users\/1"}],"replies":[{"embeddable":true,"href":"https:\/\/htxpainsolution.com\/es\/wp-json\/wp\/v2\/comments?post=154"}],"version-history":[{"count":28,"href":"https:\/\/htxpainsolution.com\/es\/wp-json\/wp\/v2\/pages\/154\/revisions"}],"predecessor-version":[{"id":360,"href":"https:\/\/htxpainsolution.com\/es\/wp-json\/wp\/v2\/pages\/154\/revisions\/360"}],"wp:attachment":[{"href":"https:\/\/htxpainsolution.com\/es\/wp-json\/wp\/v2\/media?parent=154"}],"curies":[{"name":"wp","href":"https:\/\/api.w.org\/{rel}","templated":true}]}}